{"id":20,"date":"2022-01-07T16:34:26","date_gmt":"2022-01-07T16:34:26","guid":{"rendered":"https:\/\/oskpdul.pl\/index.php\/booking-my-account\/"},"modified":"2022-01-07T16:34:26","modified_gmt":"2022-01-07T16:34:26","slug":"booking-my-account","status":"publish","type":"page","link":"https:\/\/oskpdul.pl\/index.php\/booking-my-account\/","title":{"rendered":"Booking My Account"},"content":{"rendered":"<div id=\"sln-salon\" class=\"sln-bootstrap sln-loginform\">\n\t\t<form name=\"loginform\" id=\"loginform\" action=\"https:\/\/oskpdul.pl\/wp-login.php\" method=\"post\">\n\t\t\t\n\t\t\t<p class=\"login-username\">\n\t\t\t\t<label for=\"user_login\">Nazwa u\u017cytkownika lub adres e-mail<\/label>\n\t\t\t\t<input type=\"text\" name=\"log\" id=\"user_login\" class=\"input\" value=\"\" size=\"20\" \/>\n\t\t\t<\/p>\n\t\t\t<p class=\"login-password\">\n\t\t\t\t<label for=\"user_pass\">Has\u0142o<\/label>\n\t\t\t\t<input type=\"password\" name=\"pwd\" id=\"user_pass\" class=\"input\" value=\"\" size=\"20\" \/>\n\t\t\t<\/p>\n\t\t\t\n\t\t\t<p class=\"login-remember\"><label><input name=\"rememberme\" type=\"checkbox\" id=\"rememberme\" value=\"forever\" \/> Zapami\u0119taj mnie<\/label><\/p>\n\t\t\t<p class=\"login-submit\">\n\t\t\t\t<input type=\"submit\" name=\"wp-submit\" id=\"wp-submit\" class=\"button button-primary\" value=\"Zaloguj si\u0119\" \/>\n\t\t\t\t<input type=\"hidden\" name=\"redirect_to\" value=\"https:\/\/oskpdul.pl\/index.php\/wp-json\/wp\/v2\/pages\/20\" \/>\n\t\t\t<\/p>\n\t\t\t\n\t\t<\/form><span class=\"help-block\"><a href=\"https:\/\/oskpdul.pl\/index.php\/my-account\/lost-password\/\" class=\"tec-link\">Nie pami\u0119tam has\u0142a<\/a><\/span><\/div>\n","protected":false},"excerpt":{"rendered":"","protected":false},"author":1,"featured_media":0,"parent":0,"menu_order":0,"comment_status":"closed","ping_status":"closed","template":"","meta":[],"yoast_head":"<!-- This site is optimized with the Yoast SEO plugin v19.2 - https:\/\/yoast.com\/wordpress\/plugins\/seo\/ -->\n<title>Booking My Account - OSKPDUL - okr\u0119gowa stacja pojazd\u00f3w Mielec<\/title>\n<meta name=\"robots\" content=\"index, follow, max-snippet:-1, max-image-preview:large, max-video-preview:-1\" \/>\n<link rel=\"canonical\" href=\"https:\/\/oskpdul.pl\/index.php\/booking-my-account\/\" \/>\n<meta property=\"og:locale\" content=\"pl_PL\" \/>\n<meta property=\"og:type\" content=\"article\" \/>\n<meta property=\"og:title\" content=\"Booking My Account - OSKPDUL - okr\u0119gowa stacja pojazd\u00f3w Mielec\" \/>\n<meta property=\"og:url\" content=\"https:\/\/oskpdul.pl\/index.php\/booking-my-account\/\" \/>\n<meta property=\"og:site_name\" content=\"OSKPDUL - okr\u0119gowa stacja pojazd\u00f3w Mielec\" \/>\n<meta name=\"author\" content=\"admin\" \/>\n<meta name=\"twitter:card\" content=\"summary_large_image\" \/>\n<script type=\"application\/ld+json\" class=\"yoast-schema-graph\">{\"@context\":\"https:\/\/schema.org\",\"@graph\":[{\"@type\":\"Organization\",\"@id\":\"https:\/\/oskpdul.pl\/#organization\",\"name\":\"OSKP DUL - okr\u0119gowa stacja kontroli pojazd\u00f3w Mielec\",\"url\":\"https:\/\/oskpdul.pl\/\",\"sameAs\":[],\"logo\":{\"@type\":\"ImageObject\",\"inLanguage\":\"pl-PL\",\"@id\":\"https:\/\/oskpdul.pl\/#\/schema\/logo\/image\/\",\"url\":\"https:\/\/oskpdul.pl\/wp-content\/uploads\/2022\/01\/cropped-android-chrome-512x512-1.png\",\"contentUrl\":\"https:\/\/oskpdul.pl\/wp-content\/uploads\/2022\/01\/cropped-android-chrome-512x512-1.png\",\"width\":512,\"height\":512,\"caption\":\"OSKP DUL - okr\u0119gowa stacja kontroli pojazd\u00f3w Mielec\"},\"image\":{\"@id\":\"https:\/\/oskpdul.pl\/#\/schema\/logo\/image\/\"}},{\"@type\":\"WebSite\",\"@id\":\"https:\/\/oskpdul.pl\/#website\",\"url\":\"https:\/\/oskpdul.pl\/\",\"name\":\"OSKPDUL - okr\u0119gowa stacja pojazd\u00f3w Mielec\",\"description\":\"Okr\u0119gowa stacja kontroli pojazd\u00f3w\",\"publisher\":{\"@id\":\"https:\/\/oskpdul.pl\/#organization\"},\"potentialAction\":[{\"@type\":\"SearchAction\",\"target\":{\"@type\":\"EntryPoint\",\"urlTemplate\":\"https:\/\/oskpdul.pl\/?s={search_term_string}\"},\"query-input\":\"required name=search_term_string\"}],\"inLanguage\":\"pl-PL\"},{\"@type\":\"WebPage\",\"@id\":\"https:\/\/oskpdul.pl\/index.php\/booking-my-account\/#webpage\",\"url\":\"https:\/\/oskpdul.pl\/index.php\/booking-my-account\/\",\"name\":\"Booking My Account - OSKPDUL - okr\u0119gowa stacja pojazd\u00f3w Mielec\",\"isPartOf\":{\"@id\":\"https:\/\/oskpdul.pl\/#website\"},\"datePublished\":\"2022-01-07T16:34:26+00:00\",\"dateModified\":\"2022-01-07T16:34:26+00:00\",\"breadcrumb\":{\"@id\":\"https:\/\/oskpdul.pl\/index.php\/booking-my-account\/#breadcrumb\"},\"inLanguage\":\"pl-PL\",\"potentialAction\":[{\"@type\":\"ReadAction\",\"target\":[\"https:\/\/oskpdul.pl\/index.php\/booking-my-account\/\"]}]},{\"@type\":\"BreadcrumbList\",\"@id\":\"https:\/\/oskpdul.pl\/index.php\/booking-my-account\/#breadcrumb\",\"itemListElement\":[{\"@type\":\"ListItem\",\"position\":1,\"name\":\"Strona g\u0142\u00f3wna\",\"item\":\"https:\/\/oskpdul.pl\/\"},{\"@type\":\"ListItem\",\"position\":2,\"name\":\"Booking My Account\"}]}]}<\/script>\n<!-- \/ Yoast SEO plugin. -->","yoast_head_json":{"title":"Booking My Account - OSKPDUL - okr\u0119gowa stacja pojazd\u00f3w Mielec","robots":{"index":"index","follow":"follow","max-snippet":"max-snippet:-1","max-image-preview":"max-image-preview:large","max-video-preview":"max-video-preview:-1"},"canonical":"https:\/\/oskpdul.pl\/index.php\/booking-my-account\/","og_locale":"pl_PL","og_type":"article","og_title":"Booking My Account - OSKPDUL - okr\u0119gowa stacja pojazd\u00f3w Mielec","og_url":"https:\/\/oskpdul.pl\/index.php\/booking-my-account\/","og_site_name":"OSKPDUL - okr\u0119gowa stacja pojazd\u00f3w Mielec","author":"admin","twitter_card":"summary_large_image","schema":{"@context":"https:\/\/schema.org","@graph":[{"@type":"Organization","@id":"https:\/\/oskpdul.pl\/#organization","name":"OSKP DUL - okr\u0119gowa stacja kontroli pojazd\u00f3w Mielec","url":"https:\/\/oskpdul.pl\/","sameAs":[],"logo":{"@type":"ImageObject","inLanguage":"pl-PL","@id":"https:\/\/oskpdul.pl\/#\/schema\/logo\/image\/","url":"https:\/\/oskpdul.pl\/wp-content\/uploads\/2022\/01\/cropped-android-chrome-512x512-1.png","contentUrl":"https:\/\/oskpdul.pl\/wp-content\/uploads\/2022\/01\/cropped-android-chrome-512x512-1.png","width":512,"height":512,"caption":"OSKP DUL - okr\u0119gowa stacja kontroli pojazd\u00f3w Mielec"},"image":{"@id":"https:\/\/oskpdul.pl\/#\/schema\/logo\/image\/"}},{"@type":"WebSite","@id":"https:\/\/oskpdul.pl\/#website","url":"https:\/\/oskpdul.pl\/","name":"OSKPDUL - okr\u0119gowa stacja pojazd\u00f3w Mielec","description":"Okr\u0119gowa stacja kontroli pojazd\u00f3w","publisher":{"@id":"https:\/\/oskpdul.pl\/#organization"},"potentialAction":[{"@type":"SearchAction","target":{"@type":"EntryPoint","urlTemplate":"https:\/\/oskpdul.pl\/?s={search_term_string}"},"query-input":"required name=search_term_string"}],"inLanguage":"pl-PL"},{"@type":"WebPage","@id":"https:\/\/oskpdul.pl\/index.php\/booking-my-account\/#webpage","url":"https:\/\/oskpdul.pl\/index.php\/booking-my-account\/","name":"Booking My Account - OSKPDUL - okr\u0119gowa stacja pojazd\u00f3w Mielec","isPartOf":{"@id":"https:\/\/oskpdul.pl\/#website"},"datePublished":"2022-01-07T16:34:26+00:00","dateModified":"2022-01-07T16:34:26+00:00","breadcrumb":{"@id":"https:\/\/oskpdul.pl\/index.php\/booking-my-account\/#breadcrumb"},"inLanguage":"pl-PL","potentialAction":[{"@type":"ReadAction","target":["https:\/\/oskpdul.pl\/index.php\/booking-my-account\/"]}]},{"@type":"BreadcrumbList","@id":"https:\/\/oskpdul.pl\/index.php\/booking-my-account\/#breadcrumb","itemListElement":[{"@type":"ListItem","position":1,"name":"Strona g\u0142\u00f3wna","item":"https:\/\/oskpdul.pl\/"},{"@type":"ListItem","position":2,"name":"Booking My Account"}]}]}},"_links":{"self":[{"href":"https:\/\/oskpdul.pl\/index.php\/wp-json\/wp\/v2\/pages\/20"}],"collection":[{"href":"https:\/\/oskpdul.pl\/index.php\/wp-json\/wp\/v2\/pages"}],"about":[{"href":"https:\/\/oskpdul.pl\/index.php\/wp-json\/wp\/v2\/types\/page"}],"author":[{"embeddable":true,"href":"https:\/\/oskpdul.pl\/index.php\/wp-json\/wp\/v2\/users\/1"}],"replies":[{"embeddable":true,"href":"https:\/\/oskpdul.pl\/index.php\/wp-json\/wp\/v2\/comments?post=20"}],"version-history":[{"count":0,"href":"https:\/\/oskpdul.pl\/index.php\/wp-json\/wp\/v2\/pages\/20\/revisions"}],"wp:attachment":[{"href":"https:\/\/oskpdul.pl\/index.php\/wp-json\/wp\/v2\/media?parent=20"}],"curies":[{"name":"wp","href":"https:\/\/api.w.org\/{rel}","templated":true}]}}