{"id":285,"date":"2016-01-05T14:01:02","date_gmt":"2016-01-05T14:01:02","guid":{"rendered":"https:\/\/www.gavias-theme.com\/wp\/codesk\/wishlist\/"},"modified":"2024-12-17T11:12:32","modified_gmt":"2024-12-17T11:12:32","slug":"regeneracja-baterie","status":"publish","type":"page","link":"https:\/\/oskpdul.pl\/index.php\/regeneracja-baterie\/","title":{"rendered":"Naprawa aut elektrycznych i regeneracja baterii"},"content":{"rendered":"\t\t<div data-elementor-type=\"wp-page\" data-elementor-id=\"285\" class=\"elementor elementor-285\" data-elementor-settings=\"[]\">\n\t\t\t\t\t\t\t<div class=\"elementor-section-wrap\">\n\t\t\t\t\t\t\t<section class=\"elementor-section elementor-top-section elementor-element elementor-element-2c0ff31 elementor-section-boxed elementor-section-height-default elementor-section-height-default\" data-id=\"2c0ff31\" data-element_type=\"section\">\n\t\t\t\t\t\t<div class=\"elementor-container elementor-column-gap-default\">\n\t\t\t\t\t<div class=\"elementor-column elementor-col-100 elementor-top-column elementor-element elementor-element-5a3c19a column-style-top\" data-id=\"5a3c19a\" data-element_type=\"column\">\n\t\t\t<div class=\"elementor-widget-wrap elementor-element-populated\">\n\t\t\t\t\t\t\t\t<div class=\"elementor-element elementor-element-5f62185 elementor-widget elementor-widget-heading\" data-id=\"5f62185\" data-element_type=\"widget\" data-widget_type=\"heading.default\">\n\t\t\t\t<div class=\"elementor-widget-container\">\n\t\t\t<style>\/*! elementor - v3.5.3 - 28-12-2021 *\/\n.elementor-heading-title{padding:0;margin:0;line-height:1}.elementor-widget-heading .elementor-heading-title[class*=elementor-size-]>a{color:inherit;font-size:inherit;line-height:inherit}.elementor-widget-heading .elementor-heading-title.elementor-size-small{font-size:15px}.elementor-widget-heading .elementor-heading-title.elementor-size-medium{font-size:19px}.elementor-widget-heading .elementor-heading-title.elementor-size-large{font-size:29px}.elementor-widget-heading .elementor-heading-title.elementor-size-xl{font-size:39px}.elementor-widget-heading .elementor-heading-title.elementor-size-xxl{font-size:59px}<\/style><h2 class=\"elementor-heading-title elementor-size-default\">Dodatkowe us\u0142ugi naprawy aut elektrycznych i regeneracja !<\/h2>\t\t<\/div>\n\t\t\t\t<\/div>\n\t\t\t\t\t<\/div>\n\t\t<\/div>\n\t\t\t\t\t\t\t<\/div>\n\t\t<\/section>\n\t\t\t\t<section class=\"elementor-section elementor-top-section elementor-element elementor-element-cad2f82 elementor-section-boxed elementor-section-height-default elementor-section-height-default\" data-id=\"cad2f82\" data-element_type=\"section\">\n\t\t\t\t\t\t<div class=\"elementor-container elementor-column-gap-default\">\n\t\t\t\t\t<div class=\"elementor-column elementor-col-100 elementor-top-column elementor-element elementor-element-805d6e1 column-style-top\" data-id=\"805d6e1\" data-element_type=\"column\">\n\t\t\t<div class=\"elementor-widget-wrap elementor-element-populated\">\n\t\t\t\t\t\t\t\t<div class=\"elementor-element elementor-element-005ad89 elementor-widget elementor-widget-spacer\" data-id=\"005ad89\" data-element_type=\"widget\" data-widget_type=\"spacer.default\">\n\t\t\t\t<div class=\"elementor-widget-container\">\n\t\t\t\t\t<div class=\"elementor-spacer\">\n\t\t\t<div class=\"elementor-spacer-inner\"><\/div>\n\t\t<\/div>\n\t\t\t\t<\/div>\n\t\t\t\t<\/div>\n\t\t\t\t\t<\/div>\n\t\t<\/div>\n\t\t\t\t\t\t\t<\/div>\n\t\t<\/section>\n\t\t\t\t<section class=\"elementor-section elementor-top-section elementor-element elementor-element-823c216 elementor-section-boxed elementor-section-height-default elementor-section-height-default\" data-id=\"823c216\" data-element_type=\"section\">\n\t\t\t\t\t\t<div class=\"elementor-container elementor-column-gap-default\">\n\t\t\t\t\t<div class=\"elementor-column elementor-col-100 elementor-top-column elementor-element elementor-element-fafc949 column-style-top\" data-id=\"fafc949\" data-element_type=\"column\">\n\t\t\t<div class=\"elementor-widget-wrap elementor-element-populated\">\n\t\t\t\t\t\t\t\t<div class=\"elementor-element elementor-element-1f703cc elementor-widget elementor-widget-text-editor\" data-id=\"1f703cc\" data-element_type=\"widget\" data-widget_type=\"text-editor.default\">\n\t\t\t\t<div class=\"elementor-widget-container\">\n\t\t\t<style>\/*! elementor - v3.5.3 - 28-12-2021 *\/\n.elementor-widget-text-editor.elementor-drop-cap-view-stacked .elementor-drop-cap{background-color:#818a91;color:#fff}.elementor-widget-text-editor.elementor-drop-cap-view-framed .elementor-drop-cap{color:#818a91;border:3px solid;background-color:transparent}.elementor-widget-text-editor:not(.elementor-drop-cap-view-default) .elementor-drop-cap{margin-top:8px}.elementor-widget-text-editor:not(.elementor-drop-cap-view-default) .elementor-drop-cap-letter{width:1em;height:1em}.elementor-widget-text-editor .elementor-drop-cap{float:left;text-align:center;line-height:1;font-size:50px}.elementor-widget-text-editor .elementor-drop-cap-letter{display:inline-block}<\/style>\t\t\t\t<p>Nasza firma to m.in. nowoczesny kompleks zajmuj\u0105cy si\u0119 diagnostyk\u0105 i napraw\u0105 samochod\u00f3w elektrycznych oraz hybrydowych wszystkich marek i typ\u00f3w.<\/p><p>Posiadamy\u00a0 du\u017ce do\u015bwiadczenie w naprawie i eksploatacji samochod\u00f3w elektrycznych oraz hybrydowych.<\/p><p>Oferujemy us\u0142ugi naprawy samochod\u00f3w elektrycznych oraz hybrydowych, m.in.:<\/p><p>-regeneracja jednostek nap\u0119dowych\u00a0<\/p><p>-regeneracja akumulator\u00f3w samochod\u00f3w elektrycznych i hybrydowych<\/p><p>-diagnostyka komputerowa<\/p><p>-\u0142adowanie ultraszybk\u0105 nowoczesn\u0105 \u0142adowark\u0105 Delta o mocy 150kW<\/p><p>-uruchomienie pojazd\u00f3w po kolizjach\u00a0<\/p><p>-sprawdzanie sprawno\u015bci uk\u0142adu nap\u0119dowego<\/p><p>-mycie samochod\u00f3w na nowoczesnej myjnii<\/p><p>-naprawy blacharsko-lakiernicze<\/p><p>-kompleksowa likwidacja szk\u00f3d komunikacyjnych z OC oraz AC<\/p><p>Ceny us\u0142ug uzale\u017cniona jest od stopnia uszkodzenia. Po wi\u0119cej informacji zapraszamy do kontaktu.<\/p>\t\t\t\t\t\t<\/div>\n\t\t\t\t<\/div>\n\t\t\t\t\t<\/div>\n\t\t<\/div>\n\t\t\t\t\t\t\t<\/div>\n\t\t<\/section>\n\t\t\t\t<section class=\"elementor-section elementor-top-section elementor-element elementor-element-4be1f97 elementor-section-boxed elementor-section-height-default elementor-section-height-default\" data-id=\"4be1f97\" data-element_type=\"section\">\n\t\t\t\t\t\t<div class=\"elementor-container elementor-column-gap-default\">\n\t\t\t\t\t<div class=\"elementor-column elementor-col-100 elementor-top-column elementor-element elementor-element-d697a0e column-style-top\" data-id=\"d697a0e\" data-element_type=\"column\">\n\t\t\t<div class=\"elementor-widget-wrap elementor-element-populated\">\n\t\t\t\t\t\t\t\t<div class=\"elementor-element elementor-element-90f7121 gallery-spacing-custom elementor-widget elementor-widget-image-gallery\" data-id=\"90f7121\" data-element_type=\"widget\" data-widget_type=\"image-gallery.default\">\n\t\t\t\t<div class=\"elementor-widget-container\">\n\t\t\t<style>\/*! elementor - v3.5.3 - 28-12-2021 *\/\n.elementor-image-gallery .gallery-item{display:inline-block;text-align:center;vertical-align:top;width:100%;max-width:100%;margin:0 auto}.elementor-image-gallery .gallery-item img{margin:0 auto}.elementor-image-gallery .gallery-item .gallery-caption{margin:0}.elementor-image-gallery figure img{display:block}.elementor-image-gallery figure figcaption{width:100%}.gallery-spacing-custom .elementor-image-gallery .gallery-icon{padding:0}@media (min-width:768px){.elementor-image-gallery .gallery-columns-2 .gallery-item{max-width:50%}.elementor-image-gallery .gallery-columns-3 .gallery-item{max-width:33.33%}.elementor-image-gallery .gallery-columns-4 .gallery-item{max-width:25%}.elementor-image-gallery .gallery-columns-5 .gallery-item{max-width:20%}.elementor-image-gallery .gallery-columns-6 .gallery-item{max-width:16.666%}.elementor-image-gallery .gallery-columns-7 .gallery-item{max-width:14.28%}.elementor-image-gallery .gallery-columns-8 .gallery-item{max-width:12.5%}.elementor-image-gallery .gallery-columns-9 .gallery-item{max-width:11.11%}.elementor-image-gallery .gallery-columns-10 .gallery-item{max-width:10%}}@media (min-width:480px) and (max-width:767px){.elementor-image-gallery .gallery.gallery-columns-2 .gallery-item,.elementor-image-gallery .gallery.gallery-columns-3 .gallery-item,.elementor-image-gallery .gallery.gallery-columns-4 .gallery-item,.elementor-image-gallery .gallery.gallery-columns-5 .gallery-item,.elementor-image-gallery .gallery.gallery-columns-6 .gallery-item,.elementor-image-gallery .gallery.gallery-columns-7 .gallery-item,.elementor-image-gallery .gallery.gallery-columns-8 .gallery-item,.elementor-image-gallery .gallery.gallery-columns-9 .gallery-item,.elementor-image-gallery .gallery.gallery-columns-10 .gallery-item{max-width:50%}}@media (max-width:479px){.elementor-image-gallery .gallery.gallery-columns-2 .gallery-item,.elementor-image-gallery .gallery.gallery-columns-3 .gallery-item,.elementor-image-gallery .gallery.gallery-columns-4 .gallery-item,.elementor-image-gallery .gallery.gallery-columns-5 .gallery-item,.elementor-image-gallery .gallery.gallery-columns-6 .gallery-item,.elementor-image-gallery .gallery.gallery-columns-7 .gallery-item,.elementor-image-gallery .gallery.gallery-columns-8 .gallery-item,.elementor-image-gallery .gallery.gallery-columns-9 .gallery-item,.elementor-image-gallery .gallery.gallery-columns-10 .gallery-item{max-width:100%}}<\/style>\t\t<div class=\"elementor-image-gallery\">\n\t\t\t\n\t\t<style type=\"text\/css\">\n\t\t\t#gallery-1 {\n\t\t\t\tmargin: auto;\n\t\t\t}\n\t\t\t#gallery-1 .gallery-item {\n\t\t\t\tfloat: left;\n\t\t\t\tmargin-top: 10px;\n\t\t\t\ttext-align: center;\n\t\t\t\twidth: 33%;\n\t\t\t}\n\t\t\t#gallery-1 img {\n\t\t\t\tborder: 2px solid #cfcfcf;\n\t\t\t}\n\t\t\t#gallery-1 .gallery-caption {\n\t\t\t\tmargin-left: 0;\n\t\t\t}\n\t\t\t\/* see gallery_shortcode() in wp-includes\/media.php *\/\n\t\t<\/style>\n\t\t<div id='gallery-1' class='gallery galleryid-285 gallery-columns-3 gallery-size-medium'><dl class='gallery-item'>\n\t\t\t<dt class='gallery-icon landscape'>\n\t\t\t\t<a data-elementor-open-lightbox=\"yes\" data-elementor-lightbox-slideshow=\"90f7121\" data-elementor-lightbox-title=\"IMG_0933\" href='https:\/\/oskpdul.pl\/wp-content\/uploads\/2022\/12\/IMG_0933-scaled.jpg'><img width=\"750\" height=\"510\" src=\"https:\/\/oskpdul.pl\/wp-content\/uploads\/2022\/12\/IMG_0933-750x510.jpg\" class=\"attachment-medium size-medium\" alt=\"\" loading=\"lazy\" \/><\/a>\n\t\t\t<\/dt><\/dl><dl class='gallery-item'>\n\t\t\t<dt class='gallery-icon landscape'>\n\t\t\t\t<a data-elementor-open-lightbox=\"yes\" data-elementor-lightbox-slideshow=\"90f7121\" data-elementor-lightbox-title=\"IMG_0746\" href='https:\/\/oskpdul.pl\/wp-content\/uploads\/2022\/12\/IMG_0746-scaled.jpg'><img width=\"750\" height=\"510\" src=\"https:\/\/oskpdul.pl\/wp-content\/uploads\/2022\/12\/IMG_0746-750x510.jpg\" class=\"attachment-medium size-medium\" alt=\"\" loading=\"lazy\" \/><\/a>\n\t\t\t<\/dt><\/dl><dl class='gallery-item'>\n\t\t\t<dt class='gallery-icon landscape'>\n\t\t\t\t<a data-elementor-open-lightbox=\"yes\" data-elementor-lightbox-slideshow=\"90f7121\" data-elementor-lightbox-title=\"IMG_4601\" href='https:\/\/oskpdul.pl\/wp-content\/uploads\/2022\/12\/IMG_4601-scaled.jpg'><img width=\"750\" height=\"510\" src=\"https:\/\/oskpdul.pl\/wp-content\/uploads\/2022\/12\/IMG_4601-750x510.jpg\" class=\"attachment-medium size-medium\" alt=\"\" loading=\"lazy\" \/><\/a>\n\t\t\t<\/dt><\/dl><br style=\"clear: both\" \/><dl class='gallery-item'>\n\t\t\t<dt class='gallery-icon landscape'>\n\t\t\t\t<a data-elementor-open-lightbox=\"yes\" data-elementor-lightbox-slideshow=\"90f7121\" data-elementor-lightbox-title=\"IMG_9787\" href='https:\/\/oskpdul.pl\/wp-content\/uploads\/2023\/01\/IMG_9787.jpg'><img width=\"750\" height=\"510\" src=\"https:\/\/oskpdul.pl\/wp-content\/uploads\/2023\/01\/IMG_9787-750x510.jpg\" class=\"attachment-medium size-medium\" alt=\"\" loading=\"lazy\" \/><\/a>\n\t\t\t<\/dt><\/dl><dl class='gallery-item'>\n\t\t\t<dt class='gallery-icon landscape'>\n\t\t\t\t<a data-elementor-open-lightbox=\"yes\" data-elementor-lightbox-slideshow=\"90f7121\" data-elementor-lightbox-title=\"26930797-6C8C-4F4E-9C9F-0EA08853A830\" href='https:\/\/oskpdul.pl\/wp-content\/uploads\/2023\/01\/26930797-6C8C-4F4E-9C9F-0EA08853A830.jpg'><img width=\"750\" height=\"510\" src=\"https:\/\/oskpdul.pl\/wp-content\/uploads\/2023\/01\/26930797-6C8C-4F4E-9C9F-0EA08853A830-750x510.jpg\" class=\"attachment-medium size-medium\" alt=\"\" loading=\"lazy\" \/><\/a>\n\t\t\t<\/dt><\/dl><dl class='gallery-item'>\n\t\t\t<dt class='gallery-icon landscape'>\n\t\t\t\t<a data-elementor-open-lightbox=\"yes\" data-elementor-lightbox-slideshow=\"90f7121\" data-elementor-lightbox-title=\"IMG_9789\" href='https:\/\/oskpdul.pl\/wp-content\/uploads\/2023\/01\/IMG_9789.jpg'><img width=\"750\" height=\"510\" src=\"https:\/\/oskpdul.pl\/wp-content\/uploads\/2023\/01\/IMG_9789-750x510.jpg\" class=\"attachment-medium size-medium\" alt=\"\" loading=\"lazy\" \/><\/a>\n\t\t\t<\/dt><\/dl><br style=\"clear: both\" \/><dl class='gallery-item'>\n\t\t\t<dt class='gallery-icon portrait'>\n\t\t\t\t<a data-elementor-open-lightbox=\"yes\" data-elementor-lightbox-slideshow=\"90f7121\" data-elementor-lightbox-title=\"IMG_9788\" href='https:\/\/oskpdul.pl\/wp-content\/uploads\/2023\/01\/IMG_9788.jpg'><img width=\"750\" height=\"510\" src=\"https:\/\/oskpdul.pl\/wp-content\/uploads\/2023\/01\/IMG_9788-750x510.jpg\" class=\"attachment-medium size-medium\" alt=\"\" loading=\"lazy\" \/><\/a>\n\t\t\t<\/dt><\/dl>\n\t\t\t<br style='clear: both' \/>\n\t\t<\/div>\n\t\t<\/div>\n\t\t\t\t<\/div>\n\t\t\t\t<\/div>\n\t\t\t\t\t<\/div>\n\t\t<\/div>\n\t\t\t\t\t\t\t<\/div>\n\t\t<\/section>\n\t\t\t\t\t\t<\/div>\n\t\t\t\t\t<\/div>\n\t\t","protected":false},"excerpt":{"rendered":"<p>Dodatkowe us\u0142ugi naprawy aut elektrycznych i regeneracja ! Nasza firma to m.in. nowoczesny kompleks zajmuj\u0105cy si\u0119 diagnostyk\u0105 i napraw\u0105 samochod\u00f3w elektrycznych oraz hybrydowych wszystkich marek i typ\u00f3w. Posiadamy\u00a0 du\u017ce do\u015bwiadczenie [&hellip;]<\/p>\n","protected":false},"author":1,"featured_media":0,"parent":0,"menu_order":0,"comment_status":"closed","ping_status":"closed","template":"","meta":[],"yoast_head":"<!-- This site is optimized with the Yoast SEO plugin v19.2 - https:\/\/yoast.com\/wordpress\/plugins\/seo\/ -->\n<title>Naprawa aut elektrycznych i regeneracja baterii - OSKPDUL - okr\u0119gowa stacja pojazd\u00f3w Mielec<\/title>\n<meta name=\"robots\" content=\"index, follow, max-snippet:-1, max-image-preview:large, max-video-preview:-1\" \/>\n<link rel=\"canonical\" href=\"https:\/\/oskpdul.pl\/index.php\/regeneracja-baterie\/\" \/>\n<meta property=\"og:locale\" content=\"pl_PL\" \/>\n<meta property=\"og:type\" content=\"article\" \/>\n<meta property=\"og:title\" content=\"Naprawa aut elektrycznych i regeneracja baterii - OSKPDUL - okr\u0119gowa stacja pojazd\u00f3w Mielec\" \/>\n<meta property=\"og:description\" content=\"Dodatkowe us\u0142ugi naprawy aut elektrycznych i regeneracja ! Nasza firma to m.in. nowoczesny kompleks zajmuj\u0105cy si\u0119 diagnostyk\u0105 i napraw\u0105 samochod\u00f3w elektrycznych oraz hybrydowych wszystkich marek i typ\u00f3w. Posiadamy\u00a0 du\u017ce do\u015bwiadczenie [&hellip;]\" \/>\n<meta property=\"og:url\" content=\"https:\/\/oskpdul.pl\/index.php\/regeneracja-baterie\/\" \/>\n<meta property=\"og:site_name\" content=\"OSKPDUL - okr\u0119gowa stacja pojazd\u00f3w Mielec\" \/>\n<meta property=\"article:modified_time\" content=\"2024-12-17T11:12:32+00:00\" \/>\n<meta property=\"og:image\" content=\"https:\/\/oskpdul.pl\/wp-content\/uploads\/2022\/12\/IMG_0933-750x510.jpg\" \/>\n<meta name=\"author\" content=\"admin\" \/>\n<meta name=\"twitter:card\" content=\"summary_large_image\" \/>\n<meta name=\"twitter:label1\" content=\"Szacowany czas czytania\" \/>\n\t<meta name=\"twitter:data1\" content=\"3 minuty\" \/>\n<script type=\"application\/ld+json\" class=\"yoast-schema-graph\">{\"@context\":\"https:\/\/schema.org\",\"@graph\":[{\"@type\":\"Organization\",\"@id\":\"https:\/\/oskpdul.pl\/#organization\",\"name\":\"OSKP DUL - okr\u0119gowa stacja kontroli pojazd\u00f3w Mielec\",\"url\":\"https:\/\/oskpdul.pl\/\",\"sameAs\":[],\"logo\":{\"@type\":\"ImageObject\",\"inLanguage\":\"pl-PL\",\"@id\":\"https:\/\/oskpdul.pl\/#\/schema\/logo\/image\/\",\"url\":\"https:\/\/oskpdul.pl\/wp-content\/uploads\/2022\/01\/cropped-android-chrome-512x512-1.png\",\"contentUrl\":\"https:\/\/oskpdul.pl\/wp-content\/uploads\/2022\/01\/cropped-android-chrome-512x512-1.png\",\"width\":512,\"height\":512,\"caption\":\"OSKP DUL - okr\u0119gowa stacja kontroli pojazd\u00f3w Mielec\"},\"image\":{\"@id\":\"https:\/\/oskpdul.pl\/#\/schema\/logo\/image\/\"}},{\"@type\":\"WebSite\",\"@id\":\"https:\/\/oskpdul.pl\/#website\",\"url\":\"https:\/\/oskpdul.pl\/\",\"name\":\"OSKPDUL - okr\u0119gowa stacja pojazd\u00f3w Mielec\",\"description\":\"Okr\u0119gowa stacja kontroli pojazd\u00f3w\",\"publisher\":{\"@id\":\"https:\/\/oskpdul.pl\/#organization\"},\"potentialAction\":[{\"@type\":\"SearchAction\",\"target\":{\"@type\":\"EntryPoint\",\"urlTemplate\":\"https:\/\/oskpdul.pl\/?s={search_term_string}\"},\"query-input\":\"required name=search_term_string\"}],\"inLanguage\":\"pl-PL\"},{\"@type\":\"ImageObject\",\"inLanguage\":\"pl-PL\",\"@id\":\"https:\/\/oskpdul.pl\/index.php\/regeneracja-baterie\/#primaryimage\",\"url\":\"https:\/\/oskpdul.pl\/wp-content\/uploads\/2022\/12\/IMG_0933-scaled.jpg\",\"contentUrl\":\"https:\/\/oskpdul.pl\/wp-content\/uploads\/2022\/12\/IMG_0933-scaled.jpg\",\"width\":2560,\"height\":1920},{\"@type\":\"WebPage\",\"@id\":\"https:\/\/oskpdul.pl\/index.php\/regeneracja-baterie\/#webpage\",\"url\":\"https:\/\/oskpdul.pl\/index.php\/regeneracja-baterie\/\",\"name\":\"Naprawa aut elektrycznych i regeneracja baterii - OSKPDUL - okr\u0119gowa stacja pojazd\u00f3w Mielec\",\"isPartOf\":{\"@id\":\"https:\/\/oskpdul.pl\/#website\"},\"primaryImageOfPage\":{\"@id\":\"https:\/\/oskpdul.pl\/index.php\/regeneracja-baterie\/#primaryimage\"},\"datePublished\":\"2016-01-05T14:01:02+00:00\",\"dateModified\":\"2024-12-17T11:12:32+00:00\",\"breadcrumb\":{\"@id\":\"https:\/\/oskpdul.pl\/index.php\/regeneracja-baterie\/#breadcrumb\"},\"inLanguage\":\"pl-PL\",\"potentialAction\":[{\"@type\":\"ReadAction\",\"target\":[\"https:\/\/oskpdul.pl\/index.php\/regeneracja-baterie\/\"]}]},{\"@type\":\"BreadcrumbList\",\"@id\":\"https:\/\/oskpdul.pl\/index.php\/regeneracja-baterie\/#breadcrumb\",\"itemListElement\":[{\"@type\":\"ListItem\",\"position\":1,\"name\":\"Strona g\u0142\u00f3wna\",\"item\":\"https:\/\/oskpdul.pl\/\"},{\"@type\":\"ListItem\",\"position\":2,\"name\":\"Naprawa aut elektrycznych i regeneracja baterii\"}]}]}<\/script>\n<!-- \/ Yoast SEO plugin. -->","yoast_head_json":{"title":"Naprawa aut elektrycznych i regeneracja baterii - OSKPDUL - okr\u0119gowa stacja pojazd\u00f3w Mielec","robots":{"index":"index","follow":"follow","max-snippet":"max-snippet:-1","max-image-preview":"max-image-preview:large","max-video-preview":"max-video-preview:-1"},"canonical":"https:\/\/oskpdul.pl\/index.php\/regeneracja-baterie\/","og_locale":"pl_PL","og_type":"article","og_title":"Naprawa aut elektrycznych i regeneracja baterii - OSKPDUL - okr\u0119gowa stacja pojazd\u00f3w Mielec","og_description":"Dodatkowe us\u0142ugi naprawy aut elektrycznych i regeneracja ! Nasza firma to m.in. nowoczesny kompleks zajmuj\u0105cy si\u0119 diagnostyk\u0105 i napraw\u0105 samochod\u00f3w elektrycznych oraz hybrydowych wszystkich marek i typ\u00f3w. Posiadamy\u00a0 du\u017ce do\u015bwiadczenie [&hellip;]","og_url":"https:\/\/oskpdul.pl\/index.php\/regeneracja-baterie\/","og_site_name":"OSKPDUL - okr\u0119gowa stacja pojazd\u00f3w Mielec","article_modified_time":"2024-12-17T11:12:32+00:00","og_image":[{"url":"https:\/\/oskpdul.pl\/wp-content\/uploads\/2022\/12\/IMG_0933-750x510.jpg"}],"author":"admin","twitter_card":"summary_large_image","twitter_misc":{"Szacowany czas czytania":"3 minuty"},"schema":{"@context":"https:\/\/schema.org","@graph":[{"@type":"Organization","@id":"https:\/\/oskpdul.pl\/#organization","name":"OSKP DUL - okr\u0119gowa stacja kontroli pojazd\u00f3w Mielec","url":"https:\/\/oskpdul.pl\/","sameAs":[],"logo":{"@type":"ImageObject","inLanguage":"pl-PL","@id":"https:\/\/oskpdul.pl\/#\/schema\/logo\/image\/","url":"https:\/\/oskpdul.pl\/wp-content\/uploads\/2022\/01\/cropped-android-chrome-512x512-1.png","contentUrl":"https:\/\/oskpdul.pl\/wp-content\/uploads\/2022\/01\/cropped-android-chrome-512x512-1.png","width":512,"height":512,"caption":"OSKP DUL - okr\u0119gowa stacja kontroli pojazd\u00f3w Mielec"},"image":{"@id":"https:\/\/oskpdul.pl\/#\/schema\/logo\/image\/"}},{"@type":"WebSite","@id":"https:\/\/oskpdul.pl\/#website","url":"https:\/\/oskpdul.pl\/","name":"OSKPDUL - okr\u0119gowa stacja pojazd\u00f3w Mielec","description":"Okr\u0119gowa stacja kontroli pojazd\u00f3w","publisher":{"@id":"https:\/\/oskpdul.pl\/#organization"},"potentialAction":[{"@type":"SearchAction","target":{"@type":"EntryPoint","urlTemplate":"https:\/\/oskpdul.pl\/?s={search_term_string}"},"query-input":"required name=search_term_string"}],"inLanguage":"pl-PL"},{"@type":"ImageObject","inLanguage":"pl-PL","@id":"https:\/\/oskpdul.pl\/index.php\/regeneracja-baterie\/#primaryimage","url":"https:\/\/oskpdul.pl\/wp-content\/uploads\/2022\/12\/IMG_0933-scaled.jpg","contentUrl":"https:\/\/oskpdul.pl\/wp-content\/uploads\/2022\/12\/IMG_0933-scaled.jpg","width":2560,"height":1920},{"@type":"WebPage","@id":"https:\/\/oskpdul.pl\/index.php\/regeneracja-baterie\/#webpage","url":"https:\/\/oskpdul.pl\/index.php\/regeneracja-baterie\/","name":"Naprawa aut elektrycznych i regeneracja baterii - OSKPDUL - okr\u0119gowa stacja pojazd\u00f3w Mielec","isPartOf":{"@id":"https:\/\/oskpdul.pl\/#website"},"primaryImageOfPage":{"@id":"https:\/\/oskpdul.pl\/index.php\/regeneracja-baterie\/#primaryimage"},"datePublished":"2016-01-05T14:01:02+00:00","dateModified":"2024-12-17T11:12:32+00:00","breadcrumb":{"@id":"https:\/\/oskpdul.pl\/index.php\/regeneracja-baterie\/#breadcrumb"},"inLanguage":"pl-PL","potentialAction":[{"@type":"ReadAction","target":["https:\/\/oskpdul.pl\/index.php\/regeneracja-baterie\/"]}]},{"@type":"BreadcrumbList","@id":"https:\/\/oskpdul.pl\/index.php\/regeneracja-baterie\/#breadcrumb","itemListElement":[{"@type":"ListItem","position":1,"name":"Strona g\u0142\u00f3wna","item":"https:\/\/oskpdul.pl\/"},{"@type":"ListItem","position":2,"name":"Naprawa aut elektrycznych i regeneracja baterii"}]}]}},"_links":{"self":[{"href":"https:\/\/oskpdul.pl\/index.php\/wp-json\/wp\/v2\/pages\/285"}],"collection":[{"href":"https:\/\/oskpdul.pl\/index.php\/wp-json\/wp\/v2\/pages"}],"about":[{"href":"https:\/\/oskpdul.pl\/index.php\/wp-json\/wp\/v2\/types\/page"}],"author":[{"embeddable":true,"href":"https:\/\/oskpdul.pl\/index.php\/wp-json\/wp\/v2\/users\/1"}],"replies":[{"embeddable":true,"href":"https:\/\/oskpdul.pl\/index.php\/wp-json\/wp\/v2\/comments?post=285"}],"version-history":[{"count":20,"href":"https:\/\/oskpdul.pl\/index.php\/wp-json\/wp\/v2\/pages\/285\/revisions"}],"predecessor-version":[{"id":8950,"href":"https:\/\/oskpdul.pl\/index.php\/wp-json\/wp\/v2\/pages\/285\/revisions\/8950"}],"wp:attachment":[{"href":"https:\/\/oskpdul.pl\/index.php\/wp-json\/wp\/v2\/media?parent=285"}],"curies":[{"name":"wp","href":"https:\/\/api.w.org\/{rel}","templated":true}]}}