{"id":7249,"date":"2020-03-23T02:00:39","date_gmt":"2020-03-23T02:00:39","guid":{"rendered":"https:\/\/www.gavias-theme.com\/wp\/codesk\/?page_id=7249"},"modified":"2025-10-08T06:54:38","modified_gmt":"2025-10-08T06:54:38","slug":"cennik-i-uslugi","status":"publish","type":"page","link":"https:\/\/oskpdul.pl\/index.php\/cennik-i-uslugi\/","title":{"rendered":"Cennik"},"content":{"rendered":"\t\t<div data-elementor-type=\"wp-page\" data-elementor-id=\"7249\" class=\"elementor elementor-7249\" data-elementor-settings=\"[]\">\n\t\t\t\t\t\t\t<div class=\"elementor-section-wrap\">\n\t\t\t\t\t\t\t<section class=\"elementor-section elementor-top-section elementor-element elementor-element-f119073 elementor-section-boxed elementor-section-height-default elementor-section-height-default\" data-id=\"f119073\" data-element_type=\"section\">\n\t\t\t\t\t\t<div class=\"elementor-container elementor-column-gap-default\">\n\t\t\t\t\t<div class=\"elementor-column elementor-col-100 elementor-top-column elementor-element elementor-element-bec143e column-style-top\" data-id=\"bec143e\" data-element_type=\"column\">\n\t\t\t<div class=\"elementor-widget-wrap elementor-element-populated\">\n\t\t\t\t\t\t\t\t<div class=\"elementor-element elementor-element-7b535a6 elementor-widget elementor-widget-gva-icon-box-styles\" data-id=\"7b535a6\" data-element_type=\"widget\" data-widget_type=\"gva-icon-box-styles.default\">\n\t\t\t\t<div class=\"elementor-widget-container\">\n\t\t\t<div class=\"gva-element-gva-icon-box-styles gva-element\">\r\n         <div class=\"widget gsc-icon-box-styles style-1\">\r\n         <div class=\"icon-box-top\">\r\n                           <div class=\"icon-inner\">\r\n                                       <span class=\"box-icon\">\r\n                        <i aria-hidden=\"true\" class=\"fas fa-dollar-sign\"><\/i>                     <\/span>\r\n                                 <\/div>\r\n            \r\n                           <h3 class=\"title\">\r\n                                       Cennik okresowych bada\u0144 technicznych                                 <\/h3>\r\n                     <\/div>   \r\n      <\/div> \r\n   \r\n   \r\n      \r\n\r\n\r\n<\/div>\t\t<\/div>\n\t\t\t\t<\/div>\n\t\t\t\t\t<\/div>\n\t\t<\/div>\n\t\t\t\t\t\t\t<\/div>\n\t\t<\/section>\n\t\t\t\t<section class=\"elementor-section elementor-top-section elementor-element elementor-element-0904fd0 elementor-section-boxed elementor-section-height-default elementor-section-height-default\" data-id=\"0904fd0\" data-element_type=\"section\">\n\t\t\t\t\t\t<div class=\"elementor-container elementor-column-gap-default\">\n\t\t\t\t\t<div class=\"elementor-column elementor-col-100 elementor-top-column elementor-element elementor-element-dcd7719 column-style-top\" data-id=\"dcd7719\" data-element_type=\"column\">\n\t\t\t<div class=\"elementor-widget-wrap elementor-element-populated\">\n\t\t\t\t\t\t\t\t<div class=\"elementor-element elementor-element-e76b2c6 elementor-widget elementor-widget-text-editor\" data-id=\"e76b2c6\" data-element_type=\"widget\" data-widget_type=\"text-editor.default\">\n\t\t\t\t<div class=\"elementor-widget-container\">\n\t\t\t<style>\/*! elementor - v3.5.3 - 28-12-2021 *\/\n.elementor-widget-text-editor.elementor-drop-cap-view-stacked .elementor-drop-cap{background-color:#818a91;color:#fff}.elementor-widget-text-editor.elementor-drop-cap-view-framed .elementor-drop-cap{color:#818a91;border:3px solid;background-color:transparent}.elementor-widget-text-editor:not(.elementor-drop-cap-view-default) .elementor-drop-cap{margin-top:8px}.elementor-widget-text-editor:not(.elementor-drop-cap-view-default) .elementor-drop-cap-letter{width:1em;height:1em}.elementor-widget-text-editor .elementor-drop-cap{float:left;text-align:center;line-height:1;font-size:50px}.elementor-widget-text-editor .elementor-drop-cap-letter{display:inline-block}<\/style>\t\t\t\t<table width=\"100%\" rules=\"all\" cellspacing=\"0\" cellpadding=\"0\">\n<tbody>\n<tr>\n<td width=\"80%\"><strong>1.1 motocykl, ci\u0105gnik rolniczy<\/strong><\/td>\n<td width=\"20%\"><strong>94,00 z\u0142<\/strong><\/td>\n<\/tr>\n<tr>\n<td width=\"80%\"><strong>1.2&nbsp; samoch\u00f3d osobowy, autobus przeznaczony do przewozu nie wi\u0119cej ni\u017c 15 os\u00f3b \u0142\u0105cznie z kierowc\u0105, samoch\u00f3d ci\u0119\u017carowy i specjalny do 3,5 t d.m.c., pojazd tr\u00f3jko\u0142owy powy\u017cej 0,4 t m.w. 1)<\/strong><\/td>\n<td width=\"20%\"><strong>149,00&nbsp;<\/strong><span style=\"font-weight: bolder;\">z\u0142<\/span><\/td>\n<\/tr>\n<tr>\n<td width=\"80%\"><strong>1.3 samoch\u00f3d ci\u0119\u017carowy i specjalny, ci\u0105gnik samochodowy siod\u0142owy powy\u017cej 3,5 t do 16 t d.m.c.<\/strong><\/td>\n<td width=\"20%\"><strong>234,00<\/strong><span style=\"font-weight: bolder;\">&nbsp;z\u0142<\/span><\/td>\n<\/tr>\n<tr>\n<td width=\"80%\"><strong>1.4 samoch\u00f3d ci\u0119\u017carowy i specjalny, ci\u0105gnik samochodowy siod\u0142owy powy\u017cej 16 t d.m.c., ci\u0105gnik samochodowy balastowy<\/strong><\/td>\n<td width=\"20%\"><strong>269,00<\/strong><span style=\"font-weight: bolder;\">&nbsp;z\u0142<\/span><\/td>\n<\/tr>\n<tr>\n<td width=\"80%\"><strong>1.5 autobus przeznaczony do przewozu wi\u0119cej ni\u017c 15 os\u00f3b \u0142\u0105cznie z kierowc\u0105<\/strong><\/td>\n<td width=\"20%\"><strong>304,00<\/strong><span style=\"font-weight: bolder;\">&nbsp;z\u0142<\/span><\/td>\n<\/tr>\n<tr>\n<td width=\"80%\"><strong>1.6 przyczepa ci\u0119\u017carowa rolnicza do 1,5 t d.m.c.<\/strong><\/td>\n<td width=\"20%\"><strong>61,00<\/strong><span style=\"font-weight: bolder;\">&nbsp;z\u0142<\/span><\/td>\n<\/tr>\n<tr>\n<td width=\"80%\"><strong>1.7 przyczepa ci\u0119\u017carowa rolnicza powy\u017cej 1,5 t do 6 t d.m.c.<\/strong><\/td>\n<td width=\"20%\"><strong>76,00<\/strong><span style=\"font-weight: bolder;\">&nbsp;z\u0142<\/span><\/td>\n<\/tr>\n<tr>\n<td width=\"80%\"><strong>1.8 przyczepa ci\u0119\u017carowa rolnicza powy\u017cej 6 t d.m.c.<\/strong><\/td>\n<td width=\"20%\"><strong>107,00<\/strong><span style=\"font-weight: bolder;\">&nbsp;z\u0142<\/span><\/td>\n<\/tr>\n<tr>\n<td width=\"80%\"><strong>1.9 przyczepa (naczepa) ci\u0119\u017carowa i specjalna do 3,5 t d.m.c.<\/strong><\/td>\n<td width=\"20%\"><strong>119,00<\/strong><span style=\"font-weight: bolder;\">&nbsp;z\u0142<\/span><\/td>\n<\/tr>\n<tr>\n<td width=\"80%\"><strong>1.10 przyczepa (naczepa) ci\u0119\u017carowa i specjalna powy\u017cej 3,5 t do 16 t d.m.c.<\/strong><\/td>\n<td width=\"20%\"><strong>249,00<\/strong><span style=\"font-weight: bolder;\">&nbsp;z\u0142<\/span><\/td>\n<\/tr>\n<tr>\n<td width=\"80%\"><strong>1.11 przyczepa (naczepa) ci\u0119\u017carowa i specjalna powy\u017cej 16 t d.m.c.<\/strong><\/td>\n<td width=\"20%\"><strong>270,00<\/strong><span style=\"font-weight: bolder;\">&nbsp;z\u0142<\/span><\/td>\n<\/tr>\n<tr>\n<td width=\"80%\"><strong>1.15 pojazd przystosowany do zasilania gazem (za badanie specjalistyczne)<\/strong><\/td>\n<td width=\"20%\"><strong>96,00<\/strong><span style=\"font-weight: bolder;\">&nbsp;z\u0142<\/span><\/td>\n<\/tr>\n<tr>\n<td width=\"80%\"><strong>1.22 motorower<\/strong><\/td>\n<td width=\"20%\"><strong>76,00<\/strong><span style=\"font-weight: bolder;\">&nbsp;z\u0142<\/span><\/td>\n<\/tr>\n<\/tbody>\n<\/table>\n<p>&nbsp; &nbsp; &nbsp;<em> +1z\u0142 &nbsp;op\u0142ata ewidencyjna149249<\/em><\/p>\t\t\t\t\t\t<\/div>\n\t\t\t\t<\/div>\n\t\t\t\t\t<\/div>\n\t\t<\/div>\n\t\t\t\t\t\t\t<\/div>\n\t\t<\/section>\n\t\t\t\t<section class=\"elementor-section elementor-top-section elementor-element elementor-element-7c19 elementor-section-boxed elementor-section-height-default elementor-section-height-default\" data-id=\"7c19\" data-element_type=\"section\" data-settings=\"{&quot;background_background&quot;:&quot;classic&quot;}\">\n\t\t\t\t\t\t<div class=\"elementor-container elementor-column-gap-default\">\n\t\t\t\t\t<div class=\"elementor-column elementor-col-100 elementor-top-column elementor-element elementor-element-f60 column-style-top\" data-id=\"f60\" data-element_type=\"column\">\n\t\t\t<div class=\"elementor-widget-wrap elementor-element-populated\">\n\t\t\t\t\t\t\t\t<section class=\"elementor-section elementor-inner-section elementor-element elementor-element-67f4 elementor-section-boxed elementor-section-height-default elementor-section-height-default\" data-id=\"67f4\" data-element_type=\"section\">\n\t\t\t\t\t\t<div class=\"elementor-container elementor-column-gap-default\">\n\t\t\t\t\t<div class=\"elementor-column elementor-col-33 elementor-inner-column elementor-element elementor-element-15eb column-style-top\" data-id=\"15eb\" data-element_type=\"column\">\n\t\t\t<div class=\"elementor-widget-wrap elementor-element-populated\">\n\t\t\t\t\t\t\t\t<div class=\"elementor-element elementor-element-53a elementor-widget elementor-widget-gva-pricing-block\" data-id=\"53a\" data-element_type=\"widget\" data-widget_type=\"gva-pricing-block.default\">\n\t\t\t\t<div class=\"elementor-widget-container\">\n\t\t\t<div class=\"gva-element-gva-pricing-block gva-element\">   \r\n   <div class=\"widget gsc-pricing style-1\">\r\n      <div class=\"content-inner\">\r\n       \r\n                     <div class=\"title\">\r\n               <span>Samoch\u00f3d osobowy<\/span>\r\n            <\/div>\r\n                 \r\n         <div class=\"plan-price\">\r\n            <div class=\"price-value clearfix\">\r\n               <span class=\"currency\">PLN <\/span><span class=\"value\">149<\/span>\r\n            <\/div>\r\n            <div class=\"interval\"><\/div>\r\n         <\/div>\r\n\r\n                     <ul class=\"plan-list\">\r\n                                                   <li>\r\n                     <span class=\"text\">Szybka obs\u0142uga<\/span>\r\n                                             <span class=\"icon\"><i aria-hidden=\"true\" class=\"fas fa-check\"><\/i><\/span>\r\n                                       <\/li>  \r\n                           <\/ul>\r\n            \r\n\r\n\r\n                     <div class=\"pricing-action\">\r\n                       <a href=\"https:\/\/oskpdul.pl\/index.php\/rezerwacja\/\" class=\"btn-theme\">\r\n          <span>Rezerwuj termin<\/span>\r\n        <\/a>\r\n\r\n                    <\/div>\r\n               <\/div>\r\n   <\/div>\r\n\r\n   <div class=\"clearfix\"><\/div>\r\n\r\n<\/div>\t\t<\/div>\n\t\t\t\t<\/div>\n\t\t\t\t\t<\/div>\n\t\t<\/div>\n\t\t\t\t<div class=\"elementor-column elementor-col-33 elementor-inner-column elementor-element elementor-element-71e1 column-style-top\" data-id=\"71e1\" data-element_type=\"column\">\n\t\t\t<div class=\"elementor-widget-wrap elementor-element-populated\">\n\t\t\t\t\t\t\t\t<div class=\"elementor-element elementor-element-1f48 elementor-widget elementor-widget-gva-pricing-block\" data-id=\"1f48\" data-element_type=\"widget\" data-widget_type=\"gva-pricing-block.default\">\n\t\t\t\t<div class=\"elementor-widget-container\">\n\t\t\t<div class=\"gva-element-gva-pricing-block gva-element\">   \r\n   <div class=\"widget gsc-pricing style-1\">\r\n      <div class=\"content-inner\">\r\n       \r\n                     <div class=\"title\">\r\n               <span>Samoch\u00f3d ci\u0119\u017carowy od<\/span>\r\n            <\/div>\r\n                 \r\n         <div class=\"plan-price\">\r\n            <div class=\"price-value clearfix\">\r\n               <span class=\"currency\">PLN <\/span><span class=\"value\">234<\/span>\r\n            <\/div>\r\n            <div class=\"interval\"><\/div>\r\n         <\/div>\r\n\r\n                     <ul class=\"plan-list\">\r\n                                                   <li>\r\n                     <span class=\"text\">Dobry dojazd<\/span>\r\n                                             <span class=\"icon\"><i aria-hidden=\"true\" class=\"fas fa-check\"><\/i><\/span>\r\n                                       <\/li>  \r\n                           <\/ul>\r\n            \r\n\r\n\r\n                     <div class=\"pricing-action\">\r\n                       <a href=\"https:\/\/oskpdul.pl\/index.php\/rezerwacja\/\" class=\"btn-theme\">\r\n          <span>Rezerwuj termin<\/span>\r\n        <\/a>\r\n\r\n                    <\/div>\r\n               <\/div>\r\n   <\/div>\r\n\r\n   <div class=\"clearfix\"><\/div>\r\n\r\n<\/div>\t\t<\/div>\n\t\t\t\t<\/div>\n\t\t\t\t\t<\/div>\n\t\t<\/div>\n\t\t\t\t<div class=\"elementor-column elementor-col-33 elementor-inner-column elementor-element elementor-element-25c7 column-style-top\" data-id=\"25c7\" data-element_type=\"column\">\n\t\t\t<div class=\"elementor-widget-wrap elementor-element-populated\">\n\t\t\t\t\t\t\t\t<div class=\"elementor-element elementor-element-3b06 elementor-widget elementor-widget-gva-pricing-block\" data-id=\"3b06\" data-element_type=\"widget\" data-widget_type=\"gva-pricing-block.default\">\n\t\t\t\t<div class=\"elementor-widget-container\">\n\t\t\t<div class=\"gva-element-gva-pricing-block gva-element\">   \r\n   <div class=\"widget gsc-pricing style-1\">\r\n      <div class=\"content-inner\">\r\n       \r\n                     <div class=\"title\">\r\n               <span>Przegl\u0105d przedzakupowy od<\/span>\r\n            <\/div>\r\n                 \r\n         <div class=\"plan-price\">\r\n            <div class=\"price-value clearfix\">\r\n               <span class=\"currency\">PLN <\/span><span class=\"value\">99<\/span>\r\n            <\/div>\r\n            <div class=\"interval\"><\/div>\r\n         <\/div>\r\n\r\n                     <ul class=\"plan-list\">\r\n                                                   <li>\r\n                     <span class=\"text\">Pe\u0142ny przegl\u0105d<\/span>\r\n                                             <span class=\"icon\"><i aria-hidden=\"true\" class=\"fas fa-check\"><\/i><\/span>\r\n                                       <\/li>  \r\n                           <\/ul>\r\n            \r\n\r\n\r\n                     <div class=\"pricing-action\">\r\n                       <a href=\"https:\/\/oskpdul.pl\/index.php\/rezerwacja\/\" class=\"btn-theme\">\r\n          <span>Rezerwuj termin<\/span>\r\n        <\/a>\r\n\r\n                    <\/div>\r\n               <\/div>\r\n   <\/div>\r\n\r\n   <div class=\"clearfix\"><\/div>\r\n\r\n<\/div>\t\t<\/div>\n\t\t\t\t<\/div>\n\t\t\t\t\t<\/div>\n\t\t<\/div>\n\t\t\t\t\t\t\t<\/div>\n\t\t<\/section>\n\t\t\t\t\t<\/div>\n\t\t<\/div>\n\t\t\t\t\t\t\t<\/div>\n\t\t<\/section>\n\t\t\t\t\t\t<\/div>\n\t\t\t\t\t<\/div>\n\t\t","protected":false},"excerpt":{"rendered":"<p>Cennik okresowych bada\u0144 technicznych 1.1 motocykl, ci\u0105gnik rolniczy 94,00 z\u0142 1.2&nbsp; samoch\u00f3d osobowy, autobus przeznaczony do przewozu nie wi\u0119cej ni\u017c 15 os\u00f3b \u0142\u0105cznie z kierowc\u0105, samoch\u00f3d ci\u0119\u017carowy i specjalny do [&hellip;]<\/p>\n","protected":false},"author":1,"featured_media":0,"parent":0,"menu_order":0,"comment_status":"closed","ping_status":"closed","template":"elementor_header_footer","meta":[],"yoast_head":"<!-- This site is optimized with the Yoast SEO plugin v19.2 - https:\/\/yoast.com\/wordpress\/plugins\/seo\/ -->\n<title>Cennik - OSKPDUL - okr\u0119gowa stacja pojazd\u00f3w Mielec<\/title>\n<meta name=\"robots\" content=\"index, follow, max-snippet:-1, max-image-preview:large, max-video-preview:-1\" \/>\n<link rel=\"canonical\" href=\"https:\/\/oskpdul.pl\/index.php\/cennik-i-uslugi\/\" \/>\n<meta property=\"og:locale\" content=\"pl_PL\" \/>\n<meta property=\"og:type\" content=\"article\" \/>\n<meta property=\"og:title\" content=\"Cennik - OSKPDUL - okr\u0119gowa stacja pojazd\u00f3w Mielec\" \/>\n<meta property=\"og:description\" content=\"Cennik okresowych bada\u0144 technicznych 1.1 motocykl, ci\u0105gnik rolniczy 94,00 z\u0142 1.2&nbsp; samoch\u00f3d osobowy, autobus przeznaczony do przewozu nie wi\u0119cej ni\u017c 15 os\u00f3b \u0142\u0105cznie z kierowc\u0105, samoch\u00f3d ci\u0119\u017carowy i specjalny do [&hellip;]\" \/>\n<meta property=\"og:url\" content=\"https:\/\/oskpdul.pl\/index.php\/cennik-i-uslugi\/\" \/>\n<meta property=\"og:site_name\" content=\"OSKPDUL - okr\u0119gowa stacja pojazd\u00f3w Mielec\" \/>\n<meta property=\"article:modified_time\" content=\"2025-10-08T06:54:38+00:00\" \/>\n<meta name=\"author\" content=\"admin\" \/>\n<meta name=\"twitter:card\" content=\"summary_large_image\" \/>\n<meta name=\"twitter:label1\" content=\"Szacowany czas czytania\" \/>\n\t<meta name=\"twitter:data1\" content=\"2 minuty\" \/>\n<script type=\"application\/ld+json\" class=\"yoast-schema-graph\">{\"@context\":\"https:\/\/schema.org\",\"@graph\":[{\"@type\":\"Organization\",\"@id\":\"https:\/\/oskpdul.pl\/#organization\",\"name\":\"OSKP DUL - okr\u0119gowa stacja kontroli pojazd\u00f3w Mielec\",\"url\":\"https:\/\/oskpdul.pl\/\",\"sameAs\":[],\"logo\":{\"@type\":\"ImageObject\",\"inLanguage\":\"pl-PL\",\"@id\":\"https:\/\/oskpdul.pl\/#\/schema\/logo\/image\/\",\"url\":\"https:\/\/oskpdul.pl\/wp-content\/uploads\/2022\/01\/cropped-android-chrome-512x512-1.png\",\"contentUrl\":\"https:\/\/oskpdul.pl\/wp-content\/uploads\/2022\/01\/cropped-android-chrome-512x512-1.png\",\"width\":512,\"height\":512,\"caption\":\"OSKP DUL - okr\u0119gowa stacja kontroli pojazd\u00f3w Mielec\"},\"image\":{\"@id\":\"https:\/\/oskpdul.pl\/#\/schema\/logo\/image\/\"}},{\"@type\":\"WebSite\",\"@id\":\"https:\/\/oskpdul.pl\/#website\",\"url\":\"https:\/\/oskpdul.pl\/\",\"name\":\"OSKPDUL - okr\u0119gowa stacja pojazd\u00f3w Mielec\",\"description\":\"Okr\u0119gowa stacja kontroli pojazd\u00f3w\",\"publisher\":{\"@id\":\"https:\/\/oskpdul.pl\/#organization\"},\"potentialAction\":[{\"@type\":\"SearchAction\",\"target\":{\"@type\":\"EntryPoint\",\"urlTemplate\":\"https:\/\/oskpdul.pl\/?s={search_term_string}\"},\"query-input\":\"required name=search_term_string\"}],\"inLanguage\":\"pl-PL\"},{\"@type\":\"WebPage\",\"@id\":\"https:\/\/oskpdul.pl\/index.php\/cennik-i-uslugi\/#webpage\",\"url\":\"https:\/\/oskpdul.pl\/index.php\/cennik-i-uslugi\/\",\"name\":\"Cennik - OSKPDUL - okr\u0119gowa stacja pojazd\u00f3w Mielec\",\"isPartOf\":{\"@id\":\"https:\/\/oskpdul.pl\/#website\"},\"datePublished\":\"2020-03-23T02:00:39+00:00\",\"dateModified\":\"2025-10-08T06:54:38+00:00\",\"breadcrumb\":{\"@id\":\"https:\/\/oskpdul.pl\/index.php\/cennik-i-uslugi\/#breadcrumb\"},\"inLanguage\":\"pl-PL\",\"potentialAction\":[{\"@type\":\"ReadAction\",\"target\":[\"https:\/\/oskpdul.pl\/index.php\/cennik-i-uslugi\/\"]}]},{\"@type\":\"BreadcrumbList\",\"@id\":\"https:\/\/oskpdul.pl\/index.php\/cennik-i-uslugi\/#breadcrumb\",\"itemListElement\":[{\"@type\":\"ListItem\",\"position\":1,\"name\":\"Strona g\u0142\u00f3wna\",\"item\":\"https:\/\/oskpdul.pl\/\"},{\"@type\":\"ListItem\",\"position\":2,\"name\":\"Cennik\"}]}]}<\/script>\n<!-- \/ Yoast SEO plugin. -->","yoast_head_json":{"title":"Cennik - OSKPDUL - okr\u0119gowa stacja pojazd\u00f3w Mielec","robots":{"index":"index","follow":"follow","max-snippet":"max-snippet:-1","max-image-preview":"max-image-preview:large","max-video-preview":"max-video-preview:-1"},"canonical":"https:\/\/oskpdul.pl\/index.php\/cennik-i-uslugi\/","og_locale":"pl_PL","og_type":"article","og_title":"Cennik - OSKPDUL - okr\u0119gowa stacja pojazd\u00f3w Mielec","og_description":"Cennik okresowych bada\u0144 technicznych 1.1 motocykl, ci\u0105gnik rolniczy 94,00 z\u0142 1.2&nbsp; samoch\u00f3d osobowy, autobus przeznaczony do przewozu nie wi\u0119cej ni\u017c 15 os\u00f3b \u0142\u0105cznie z kierowc\u0105, samoch\u00f3d ci\u0119\u017carowy i specjalny do [&hellip;]","og_url":"https:\/\/oskpdul.pl\/index.php\/cennik-i-uslugi\/","og_site_name":"OSKPDUL - okr\u0119gowa stacja pojazd\u00f3w Mielec","article_modified_time":"2025-10-08T06:54:38+00:00","author":"admin","twitter_card":"summary_large_image","twitter_misc":{"Szacowany czas czytania":"2 minuty"},"schema":{"@context":"https:\/\/schema.org","@graph":[{"@type":"Organization","@id":"https:\/\/oskpdul.pl\/#organization","name":"OSKP DUL - okr\u0119gowa stacja kontroli pojazd\u00f3w Mielec","url":"https:\/\/oskpdul.pl\/","sameAs":[],"logo":{"@type":"ImageObject","inLanguage":"pl-PL","@id":"https:\/\/oskpdul.pl\/#\/schema\/logo\/image\/","url":"https:\/\/oskpdul.pl\/wp-content\/uploads\/2022\/01\/cropped-android-chrome-512x512-1.png","contentUrl":"https:\/\/oskpdul.pl\/wp-content\/uploads\/2022\/01\/cropped-android-chrome-512x512-1.png","width":512,"height":512,"caption":"OSKP DUL - okr\u0119gowa stacja kontroli pojazd\u00f3w Mielec"},"image":{"@id":"https:\/\/oskpdul.pl\/#\/schema\/logo\/image\/"}},{"@type":"WebSite","@id":"https:\/\/oskpdul.pl\/#website","url":"https:\/\/oskpdul.pl\/","name":"OSKPDUL - okr\u0119gowa stacja pojazd\u00f3w Mielec","description":"Okr\u0119gowa stacja kontroli pojazd\u00f3w","publisher":{"@id":"https:\/\/oskpdul.pl\/#organization"},"potentialAction":[{"@type":"SearchAction","target":{"@type":"EntryPoint","urlTemplate":"https:\/\/oskpdul.pl\/?s={search_term_string}"},"query-input":"required name=search_term_string"}],"inLanguage":"pl-PL"},{"@type":"WebPage","@id":"https:\/\/oskpdul.pl\/index.php\/cennik-i-uslugi\/#webpage","url":"https:\/\/oskpdul.pl\/index.php\/cennik-i-uslugi\/","name":"Cennik - OSKPDUL - okr\u0119gowa stacja pojazd\u00f3w Mielec","isPartOf":{"@id":"https:\/\/oskpdul.pl\/#website"},"datePublished":"2020-03-23T02:00:39+00:00","dateModified":"2025-10-08T06:54:38+00:00","breadcrumb":{"@id":"https:\/\/oskpdul.pl\/index.php\/cennik-i-uslugi\/#breadcrumb"},"inLanguage":"pl-PL","potentialAction":[{"@type":"ReadAction","target":["https:\/\/oskpdul.pl\/index.php\/cennik-i-uslugi\/"]}]},{"@type":"BreadcrumbList","@id":"https:\/\/oskpdul.pl\/index.php\/cennik-i-uslugi\/#breadcrumb","itemListElement":[{"@type":"ListItem","position":1,"name":"Strona g\u0142\u00f3wna","item":"https:\/\/oskpdul.pl\/"},{"@type":"ListItem","position":2,"name":"Cennik"}]}]}},"_links":{"self":[{"href":"https:\/\/oskpdul.pl\/index.php\/wp-json\/wp\/v2\/pages\/7249"}],"collection":[{"href":"https:\/\/oskpdul.pl\/index.php\/wp-json\/wp\/v2\/pages"}],"about":[{"href":"https:\/\/oskpdul.pl\/index.php\/wp-json\/wp\/v2\/types\/page"}],"author":[{"embeddable":true,"href":"https:\/\/oskpdul.pl\/index.php\/wp-json\/wp\/v2\/users\/1"}],"replies":[{"embeddable":true,"href":"https:\/\/oskpdul.pl\/index.php\/wp-json\/wp\/v2\/comments?post=7249"}],"version-history":[{"count":29,"href":"https:\/\/oskpdul.pl\/index.php\/wp-json\/wp\/v2\/pages\/7249\/revisions"}],"predecessor-version":[{"id":9213,"href":"https:\/\/oskpdul.pl\/index.php\/wp-json\/wp\/v2\/pages\/7249\/revisions\/9213"}],"wp:attachment":[{"href":"https:\/\/oskpdul.pl\/index.php\/wp-json\/wp\/v2\/media?parent=7249"}],"curies":[{"name":"wp","href":"https:\/\/api.w.org\/{rel}","templated":true}]}}