{"id":8177,"date":"2022-01-08T08:05:45","date_gmt":"2022-01-08T08:05:45","guid":{"rendered":"http:\/\/oskpdul.pl\/?page_id=8177"},"modified":"2022-06-30T12:22:53","modified_gmt":"2022-06-30T12:22:53","slug":"stacja-ladowania-deltra-ultra-fast","status":"publish","type":"page","link":"https:\/\/oskpdul.pl\/index.php\/stacja-ladowania-deltra-ultra-fast\/","title":{"rendered":"Stacja szybkiego \u0142adowania"},"content":{"rendered":"\t\t<div data-elementor-type=\"wp-page\" data-elementor-id=\"8177\" class=\"elementor elementor-8177\" data-elementor-settings=\"[]\">\n\t\t\t\t\t\t\t<div class=\"elementor-section-wrap\">\n\t\t\t\t\t\t\t<section class=\"elementor-section elementor-top-section elementor-element elementor-element-15ef94be elementor-section-boxed elementor-section-height-default elementor-section-height-default\" data-id=\"15ef94be\" data-element_type=\"section\">\n\t\t\t\t\t\t<div class=\"elementor-container elementor-column-gap-default\">\n\t\t\t\t\t<div class=\"elementor-column elementor-col-100 elementor-top-column elementor-element elementor-element-428dda9d column-style-top\" data-id=\"428dda9d\" data-element_type=\"column\">\n\t\t\t<div class=\"elementor-widget-wrap elementor-element-populated\">\n\t\t\t\t\t\t\t\t<div class=\"elementor-element elementor-element-12cf963e elementor-widget elementor-widget-text-editor\" data-id=\"12cf963e\" data-element_type=\"widget\" data-widget_type=\"text-editor.default\">\n\t\t\t\t<div class=\"elementor-widget-container\">\n\t\t\t<style>\/*! elementor - v3.5.3 - 28-12-2021 *\/\n.elementor-widget-text-editor.elementor-drop-cap-view-stacked .elementor-drop-cap{background-color:#818a91;color:#fff}.elementor-widget-text-editor.elementor-drop-cap-view-framed .elementor-drop-cap{color:#818a91;border:3px solid;background-color:transparent}.elementor-widget-text-editor:not(.elementor-drop-cap-view-default) .elementor-drop-cap{margin-top:8px}.elementor-widget-text-editor:not(.elementor-drop-cap-view-default) .elementor-drop-cap-letter{width:1em;height:1em}.elementor-widget-text-editor .elementor-drop-cap{float:left;text-align:center;line-height:1;font-size:50px}.elementor-widget-text-editor .elementor-drop-cap-letter{display:inline-block}<\/style>\t\t\t\t<p><!-- wp:paragraph --><\/p>\n<p><font color=\"#3f3836\" face=\"Montserrat\"><span style=\"font-size: 22.4px; letter-spacing: -0.8px;\"><b>Stacja \u0142adowania &#8211; DELTA ULTRA FAST<\/b><\/span><\/font><\/p>\n<p><!-- \/wp:paragraph --><\/p>\n<p><!-- wp:paragraph --><\/p>\n<p>Ultraszybka stacja \u0142adowania, kt\u00f3ra obs\u0142uguje standardy szybkiego \u0142adowania wszystkich europejskich, azjatyckich i p\u00f3\u0142nocnoameryka\u0144skich producent\u00f3w pojazd\u00f3w elektrycznych, w tym obecne i przysz\u0142e generacje pojazd\u00f3w elektrycznych wymagaj\u0105ce mocy \u0142adowania przekraczaj\u0105cej 50 kW.<\/p>\n<p>Stacja umo\u017cliwia jednoczesne \u0142adowanie do czterech pojazd\u00f3w.<\/p>\n<p>Dwa punkty \u0142adowania umo\u017cliwiaj\u0105 szybkie \u0142adowanie pr\u0105dem sta\u0142ym (DC) moc\u0105 do 150 kW.<\/p>\n<p>Pozosta\u0142e dwa punkty \u0142adowania umo\u017cliwiaj\u0105 \u0142adowanie pr\u0105dem zmiennym (AC) moc\u0105 do 65 kW.<\/p>\n<p>Ultraszybka stacja \u0142adowania obs\u0142uguje szerok\u0105 gam\u0119 \u015brodk\u00f3w dost\u0119pu i p\u0142atno\u015bci, a jej obs\u0142uga jest bardzo prosta i wysoce intuicyjna.<\/p>\n<p>Stanowi optymalne rozwi\u0105zanie pozwalaj\u0105ce stworzy\u0107 uniwersaln\u0105 sie\u0107 infrastruktury szybkiego \u0142adowania dla dzia\u0142alno\u015bci flotowej, takiej jak us\u0142ugi taxi lub car sharing, a tak\u017ce dla przedsi\u0119biorstw u\u017cyteczno\u015bci publicznej oraz diler\u00f3w pojazd\u00f3w, kt\u00f3rzy chc\u0105 wnie\u015b\u0107 warto\u015b\u0107 dodan\u0105 dla swoich klient\u00f3w.<\/p>\n<p>G\u0142\u00f3wne cechy:<\/p>\n<p>&nbsp;&#8211; Modu\u0142owa budowa i skalowalno\u015b\u0107 umo\u017cliwiaj\u0105ca \u0142adowanie pojazd\u00f3w przysz\u0142ych generacji<\/p>\n<p>&#8211; Jednoczesne \u0142adowanie do czterech pojazd\u00f3w<\/p>\n<p>&#8211; Dynamiczne zarz\u0105dzanie moc\u0105 umo\u017cliwiaj\u0105ce minimalizacj\u0119 czasu \u0142adowania<\/p>\n<p>&#8211; \u0141atwa instalacja, obs\u0142uga i serwis<\/p>\n<p>&#8211; Dwa punkty \u0142adowania pr\u0105dem sta\u0142ym (DC) \u2013 \u0142\u0105czna moc do 150 kW &#8211; CCS do 120 kW &#8211; CHAdeMO do 63 kW<\/p>\n<p>&#8211; Dwa punkty \u0142adowania pr\u0105dem zmiennym (AC) \u2013 \u0142\u0105czna moc do 65 kW &#8211; Wtyczka Typ 2 do 43 kW &#8211; Gniazdo Typ 2 do 22 kW<\/p>\n<p>&#8211; Uwierzytelnianie lokalne za pomoc\u0105 RFID<\/p>\n<p>&#8211; Integracja z systemami zaplecza przy pomocy OCPP 1.5<\/p>\n<p><!-- \/wp:list --><\/p>\n<p><!-- wp:paragraph --><\/p>\n<h2>&nbsp;<\/h2>\n<p><!-- \/wp:paragraph --><\/p>\t\t\t\t\t\t<\/div>\n\t\t\t\t<\/div>\n\t\t\t\t\t<\/div>\n\t\t<\/div>\n\t\t\t\t\t\t\t<\/div>\n\t\t<\/section>\n\t\t\t\t<section class=\"elementor-section elementor-top-section elementor-element elementor-element-7ea42d2 elementor-section-boxed elementor-section-height-default elementor-section-height-default\" data-id=\"7ea42d2\" data-element_type=\"section\">\n\t\t\t\t\t\t<div class=\"elementor-container elementor-column-gap-default\">\n\t\t\t\t\t<div class=\"elementor-column elementor-col-100 elementor-top-column elementor-element elementor-element-4594db0 column-style-top\" data-id=\"4594db0\" data-element_type=\"column\">\n\t\t\t<div class=\"elementor-widget-wrap elementor-element-populated\">\n\t\t\t\t\t\t\t\t<div class=\"elementor-element elementor-element-75a56a9 elementor-arrows-position-inside elementor-pagination-position-outside elementor-widget elementor-widget-image-carousel\" data-id=\"75a56a9\" data-element_type=\"widget\" data-settings=\"{&quot;navigation&quot;:&quot;both&quot;,&quot;autoplay&quot;:&quot;yes&quot;,&quot;pause_on_hover&quot;:&quot;yes&quot;,&quot;pause_on_interaction&quot;:&quot;yes&quot;,&quot;autoplay_speed&quot;:5000,&quot;infinite&quot;:&quot;yes&quot;,&quot;speed&quot;:500}\" data-widget_type=\"image-carousel.default\">\n\t\t\t\t<div class=\"elementor-widget-container\">\n\t\t\t<style>\/*! elementor - v3.5.3 - 28-12-2021 *\/\n.elementor-widget-image-carousel .swiper-container{position:static}.elementor-widget-image-carousel .swiper-container .swiper-slide figure{line-height:inherit}.elementor-widget-image-carousel .swiper-slide{text-align:center}.elementor-image-carousel-wrapper:not(.swiper-container-initialized) .swiper-slide{max-width:calc(100% \/ var(--e-image-carousel-slides-to-show, 3))}<\/style>\t\t<div class=\"elementor-image-carousel-wrapper swiper-container\" dir=\"ltr\">\n\t\t\t<div class=\"elementor-image-carousel swiper-wrapper\">\n\t\t\t\t\t\t\t\t<div class=\"swiper-slide\"><a data-elementor-open-lightbox=\"yes\" data-elementor-lightbox-slideshow=\"75a56a9\" data-elementor-lightbox-title=\"IR2A0369\" href=\"https:\/\/oskpdul.pl\/wp-content\/uploads\/2022\/06\/IR2A0369-scaled.jpg\"><figure class=\"swiper-slide-inner\"><img class=\"swiper-slide-image\" src=\"https:\/\/oskpdul.pl\/wp-content\/uploads\/2022\/06\/IR2A0369-300x300.jpg\" alt=\"IR2A0369\" \/><\/figure><\/a><\/div><div class=\"swiper-slide\"><a data-elementor-open-lightbox=\"yes\" data-elementor-lightbox-slideshow=\"75a56a9\" data-elementor-lightbox-title=\"IR2A0363\" href=\"https:\/\/oskpdul.pl\/wp-content\/uploads\/2022\/06\/IR2A0363-scaled.jpg\"><figure class=\"swiper-slide-inner\"><img class=\"swiper-slide-image\" src=\"https:\/\/oskpdul.pl\/wp-content\/uploads\/2022\/06\/IR2A0363-300x300.jpg\" alt=\"IR2A0363\" \/><\/figure><\/a><\/div><div class=\"swiper-slide\"><a data-elementor-open-lightbox=\"yes\" data-elementor-lightbox-slideshow=\"75a56a9\" data-elementor-lightbox-title=\"IR2A0366\" href=\"https:\/\/oskpdul.pl\/wp-content\/uploads\/2022\/06\/IR2A0366-scaled.jpg\"><figure class=\"swiper-slide-inner\"><img class=\"swiper-slide-image\" src=\"https:\/\/oskpdul.pl\/wp-content\/uploads\/2022\/06\/IR2A0366-300x300.jpg\" alt=\"IR2A0366\" \/><\/figure><\/a><\/div><div class=\"swiper-slide\"><a data-elementor-open-lightbox=\"yes\" data-elementor-lightbox-slideshow=\"75a56a9\" data-elementor-lightbox-title=\"IR2A0369\" href=\"https:\/\/oskpdul.pl\/wp-content\/uploads\/2022\/06\/IR2A0369-1-scaled.jpg\"><figure class=\"swiper-slide-inner\"><img class=\"swiper-slide-image\" src=\"https:\/\/oskpdul.pl\/wp-content\/uploads\/2022\/06\/IR2A0369-1-300x300.jpg\" alt=\"IR2A0369\" \/><\/figure><\/a><\/div><div class=\"swiper-slide\"><a data-elementor-open-lightbox=\"yes\" data-elementor-lightbox-slideshow=\"75a56a9\" data-elementor-lightbox-title=\"IR2A0376\" href=\"https:\/\/oskpdul.pl\/wp-content\/uploads\/2022\/06\/IR2A0376-scaled.jpg\"><figure class=\"swiper-slide-inner\"><img class=\"swiper-slide-image\" src=\"https:\/\/oskpdul.pl\/wp-content\/uploads\/2022\/06\/IR2A0376-300x300.jpg\" alt=\"IR2A0376\" \/><\/figure><\/a><\/div><div class=\"swiper-slide\"><a data-elementor-open-lightbox=\"yes\" data-elementor-lightbox-slideshow=\"75a56a9\" data-elementor-lightbox-title=\"IR2A0379\" href=\"https:\/\/oskpdul.pl\/wp-content\/uploads\/2022\/06\/IR2A0379-scaled.jpg\"><figure class=\"swiper-slide-inner\"><img class=\"swiper-slide-image\" src=\"https:\/\/oskpdul.pl\/wp-content\/uploads\/2022\/06\/IR2A0379-300x300.jpg\" alt=\"IR2A0379\" \/><\/figure><\/a><\/div><div class=\"swiper-slide\"><a data-elementor-open-lightbox=\"yes\" data-elementor-lightbox-slideshow=\"75a56a9\" data-elementor-lightbox-title=\"IR2A0386\" href=\"https:\/\/oskpdul.pl\/wp-content\/uploads\/2022\/06\/IR2A0386-scaled.jpg\"><figure class=\"swiper-slide-inner\"><img class=\"swiper-slide-image\" src=\"https:\/\/oskpdul.pl\/wp-content\/uploads\/2022\/06\/IR2A0386-300x300.jpg\" alt=\"IR2A0386\" \/><\/figure><\/a><\/div>\t\t\t<\/div>\n\t\t\t\t\t\t\t\t\t\t\t\t<div class=\"swiper-pagination\"><\/div>\n\t\t\t\t\t\t\t\t\t\t\t\t\t<div class=\"elementor-swiper-button elementor-swiper-button-prev\">\n\t\t\t\t\t\t<i aria-hidden=\"true\" class=\"eicon-chevron-left\"><\/i>\t\t\t\t\t\t<span class=\"elementor-screen-only\">Poprzednie<\/span>\n\t\t\t\t\t<\/div>\n\t\t\t\t\t<div class=\"elementor-swiper-button elementor-swiper-button-next\">\n\t\t\t\t\t\t<i aria-hidden=\"true\" class=\"eicon-chevron-right\"><\/i>\t\t\t\t\t\t<span class=\"elementor-screen-only\">Nast\u0119pne<\/span>\n\t\t\t\t\t<\/div>\n\t\t\t\t\t\t\t\t\t<\/div>\n\t\t\t\t<\/div>\n\t\t\t\t<\/div>\n\t\t\t\t\t<\/div>\n\t\t<\/div>\n\t\t\t\t\t\t\t<\/div>\n\t\t<\/section>\n\t\t\t\t<section class=\"elementor-section elementor-top-section elementor-element elementor-element-4c0197a elementor-section-boxed elementor-section-height-default elementor-section-height-default\" data-id=\"4c0197a\" data-element_type=\"section\">\n\t\t\t\t\t\t<div class=\"elementor-container elementor-column-gap-default\">\n\t\t\t\t\t<div class=\"elementor-column elementor-col-100 elementor-top-column elementor-element elementor-element-a6c1032 column-style-top\" data-id=\"a6c1032\" data-element_type=\"column\">\n\t\t\t<div class=\"elementor-widget-wrap elementor-element-populated\">\n\t\t\t\t\t\t\t\t<div class=\"elementor-element elementor-element-eadd568 elementor-widget elementor-widget-image\" data-id=\"eadd568\" data-element_type=\"widget\" data-widget_type=\"image.default\">\n\t\t\t\t<div class=\"elementor-widget-container\">\n\t\t\t<style>\/*! elementor - v3.5.3 - 28-12-2021 *\/\n.elementor-widget-image{text-align:center}.elementor-widget-image a{display:inline-block}.elementor-widget-image a img[src$=\".svg\"]{width:48px}.elementor-widget-image img{vertical-align:middle;display:inline-block}<\/style>\t\t\t\t\t\t\t\t\t\t\t\t<img width=\"432\" height=\"613\" src=\"https:\/\/oskpdul.pl\/wp-content\/uploads\/2022\/01\/ladowarka.png\" class=\"attachment-large size-large\" alt=\"\" loading=\"lazy\" \/>\t\t\t\t\t\t\t\t\t\t\t\t\t\t\t<\/div>\n\t\t\t\t<\/div>\n\t\t\t\t\t<\/div>\n\t\t<\/div>\n\t\t\t\t\t\t\t<\/div>\n\t\t<\/section>\n\t\t\t\t\t\t<\/div>\n\t\t\t\t\t<\/div>\n\t\t","protected":false},"excerpt":{"rendered":"<p>Stacja \u0142adowania &#8211; DELTA ULTRA FAST Ultraszybka stacja \u0142adowania, kt\u00f3ra obs\u0142uguje standardy szybkiego \u0142adowania wszystkich europejskich, azjatyckich i p\u00f3\u0142nocnoameryka\u0144skich producent\u00f3w pojazd\u00f3w elektrycznych, w tym obecne i przysz\u0142e generacje pojazd\u00f3w elektrycznych [&hellip;]<\/p>\n","protected":false},"author":1,"featured_media":0,"parent":0,"menu_order":0,"comment_status":"closed","ping_status":"closed","template":"elementor_header_footer","meta":[],"yoast_head":"<!-- This site is optimized with the Yoast SEO plugin v19.2 - https:\/\/yoast.com\/wordpress\/plugins\/seo\/ -->\n<title>Stacja szybkiego \u0142adowania - OSKPDUL - okr\u0119gowa stacja pojazd\u00f3w Mielec<\/title>\n<meta name=\"robots\" content=\"index, follow, max-snippet:-1, max-image-preview:large, max-video-preview:-1\" \/>\n<link rel=\"canonical\" href=\"https:\/\/oskpdul.pl\/index.php\/stacja-ladowania-deltra-ultra-fast\/\" \/>\n<meta property=\"og:locale\" content=\"pl_PL\" \/>\n<meta property=\"og:type\" content=\"article\" \/>\n<meta property=\"og:title\" content=\"Stacja szybkiego \u0142adowania - OSKPDUL - okr\u0119gowa stacja pojazd\u00f3w Mielec\" \/>\n<meta property=\"og:description\" content=\"Stacja \u0142adowania &#8211; DELTA ULTRA FAST Ultraszybka stacja \u0142adowania, kt\u00f3ra obs\u0142uguje standardy szybkiego \u0142adowania wszystkich europejskich, azjatyckich i p\u00f3\u0142nocnoameryka\u0144skich producent\u00f3w pojazd\u00f3w elektrycznych, w tym obecne i przysz\u0142e generacje pojazd\u00f3w elektrycznych [&hellip;]\" \/>\n<meta property=\"og:url\" content=\"https:\/\/oskpdul.pl\/index.php\/stacja-ladowania-deltra-ultra-fast\/\" \/>\n<meta property=\"og:site_name\" content=\"OSKPDUL - okr\u0119gowa stacja pojazd\u00f3w Mielec\" \/>\n<meta property=\"article:modified_time\" content=\"2022-06-30T12:22:53+00:00\" \/>\n<meta property=\"og:image\" content=\"https:\/\/oskpdul.pl\/wp-content\/uploads\/2022\/06\/IR2A0369-300x300.jpg\" \/>\n<meta name=\"author\" content=\"admin\" \/>\n<meta name=\"twitter:card\" content=\"summary_large_image\" \/>\n<meta name=\"twitter:label1\" content=\"Szacowany czas czytania\" \/>\n\t<meta name=\"twitter:data1\" content=\"1 minuta\" \/>\n<script type=\"application\/ld+json\" class=\"yoast-schema-graph\">{\"@context\":\"https:\/\/schema.org\",\"@graph\":[{\"@type\":\"Organization\",\"@id\":\"https:\/\/oskpdul.pl\/#organization\",\"name\":\"OSKP DUL - okr\u0119gowa stacja kontroli pojazd\u00f3w Mielec\",\"url\":\"https:\/\/oskpdul.pl\/\",\"sameAs\":[],\"logo\":{\"@type\":\"ImageObject\",\"inLanguage\":\"pl-PL\",\"@id\":\"https:\/\/oskpdul.pl\/#\/schema\/logo\/image\/\",\"url\":\"https:\/\/oskpdul.pl\/wp-content\/uploads\/2022\/01\/cropped-android-chrome-512x512-1.png\",\"contentUrl\":\"https:\/\/oskpdul.pl\/wp-content\/uploads\/2022\/01\/cropped-android-chrome-512x512-1.png\",\"width\":512,\"height\":512,\"caption\":\"OSKP DUL - okr\u0119gowa stacja kontroli pojazd\u00f3w Mielec\"},\"image\":{\"@id\":\"https:\/\/oskpdul.pl\/#\/schema\/logo\/image\/\"}},{\"@type\":\"WebSite\",\"@id\":\"https:\/\/oskpdul.pl\/#website\",\"url\":\"https:\/\/oskpdul.pl\/\",\"name\":\"OSKPDUL - okr\u0119gowa stacja pojazd\u00f3w Mielec\",\"description\":\"Okr\u0119gowa stacja kontroli pojazd\u00f3w\",\"publisher\":{\"@id\":\"https:\/\/oskpdul.pl\/#organization\"},\"potentialAction\":[{\"@type\":\"SearchAction\",\"target\":{\"@type\":\"EntryPoint\",\"urlTemplate\":\"https:\/\/oskpdul.pl\/?s={search_term_string}\"},\"query-input\":\"required name=search_term_string\"}],\"inLanguage\":\"pl-PL\"},{\"@type\":\"ImageObject\",\"inLanguage\":\"pl-PL\",\"@id\":\"https:\/\/oskpdul.pl\/index.php\/stacja-ladowania-deltra-ultra-fast\/#primaryimage\",\"url\":\"https:\/\/oskpdul.pl\/wp-content\/uploads\/2022\/06\/IR2A0369-300x300.jpg\",\"contentUrl\":\"https:\/\/oskpdul.pl\/wp-content\/uploads\/2022\/06\/IR2A0369-300x300.jpg\"},{\"@type\":\"WebPage\",\"@id\":\"https:\/\/oskpdul.pl\/index.php\/stacja-ladowania-deltra-ultra-fast\/#webpage\",\"url\":\"https:\/\/oskpdul.pl\/index.php\/stacja-ladowania-deltra-ultra-fast\/\",\"name\":\"Stacja szybkiego \u0142adowania - OSKPDUL - okr\u0119gowa stacja pojazd\u00f3w Mielec\",\"isPartOf\":{\"@id\":\"https:\/\/oskpdul.pl\/#website\"},\"primaryImageOfPage\":{\"@id\":\"https:\/\/oskpdul.pl\/index.php\/stacja-ladowania-deltra-ultra-fast\/#primaryimage\"},\"datePublished\":\"2022-01-08T08:05:45+00:00\",\"dateModified\":\"2022-06-30T12:22:53+00:00\",\"breadcrumb\":{\"@id\":\"https:\/\/oskpdul.pl\/index.php\/stacja-ladowania-deltra-ultra-fast\/#breadcrumb\"},\"inLanguage\":\"pl-PL\",\"potentialAction\":[{\"@type\":\"ReadAction\",\"target\":[\"https:\/\/oskpdul.pl\/index.php\/stacja-ladowania-deltra-ultra-fast\/\"]}]},{\"@type\":\"BreadcrumbList\",\"@id\":\"https:\/\/oskpdul.pl\/index.php\/stacja-ladowania-deltra-ultra-fast\/#breadcrumb\",\"itemListElement\":[{\"@type\":\"ListItem\",\"position\":1,\"name\":\"Strona g\u0142\u00f3wna\",\"item\":\"https:\/\/oskpdul.pl\/\"},{\"@type\":\"ListItem\",\"position\":2,\"name\":\"Stacja szybkiego \u0142adowania\"}]}]}<\/script>\n<!-- \/ Yoast SEO plugin. -->","yoast_head_json":{"title":"Stacja szybkiego \u0142adowania - OSKPDUL - okr\u0119gowa stacja pojazd\u00f3w Mielec","robots":{"index":"index","follow":"follow","max-snippet":"max-snippet:-1","max-image-preview":"max-image-preview:large","max-video-preview":"max-video-preview:-1"},"canonical":"https:\/\/oskpdul.pl\/index.php\/stacja-ladowania-deltra-ultra-fast\/","og_locale":"pl_PL","og_type":"article","og_title":"Stacja szybkiego \u0142adowania - OSKPDUL - okr\u0119gowa stacja pojazd\u00f3w Mielec","og_description":"Stacja \u0142adowania &#8211; DELTA ULTRA FAST Ultraszybka stacja \u0142adowania, kt\u00f3ra obs\u0142uguje standardy szybkiego \u0142adowania wszystkich europejskich, azjatyckich i p\u00f3\u0142nocnoameryka\u0144skich producent\u00f3w pojazd\u00f3w elektrycznych, w tym obecne i przysz\u0142e generacje pojazd\u00f3w elektrycznych [&hellip;]","og_url":"https:\/\/oskpdul.pl\/index.php\/stacja-ladowania-deltra-ultra-fast\/","og_site_name":"OSKPDUL - okr\u0119gowa stacja pojazd\u00f3w Mielec","article_modified_time":"2022-06-30T12:22:53+00:00","og_image":[{"url":"https:\/\/oskpdul.pl\/wp-content\/uploads\/2022\/06\/IR2A0369-300x300.jpg"}],"author":"admin","twitter_card":"summary_large_image","twitter_misc":{"Szacowany czas czytania":"1 minuta"},"schema":{"@context":"https:\/\/schema.org","@graph":[{"@type":"Organization","@id":"https:\/\/oskpdul.pl\/#organization","name":"OSKP DUL - okr\u0119gowa stacja kontroli pojazd\u00f3w Mielec","url":"https:\/\/oskpdul.pl\/","sameAs":[],"logo":{"@type":"ImageObject","inLanguage":"pl-PL","@id":"https:\/\/oskpdul.pl\/#\/schema\/logo\/image\/","url":"https:\/\/oskpdul.pl\/wp-content\/uploads\/2022\/01\/cropped-android-chrome-512x512-1.png","contentUrl":"https:\/\/oskpdul.pl\/wp-content\/uploads\/2022\/01\/cropped-android-chrome-512x512-1.png","width":512,"height":512,"caption":"OSKP DUL - okr\u0119gowa stacja kontroli pojazd\u00f3w Mielec"},"image":{"@id":"https:\/\/oskpdul.pl\/#\/schema\/logo\/image\/"}},{"@type":"WebSite","@id":"https:\/\/oskpdul.pl\/#website","url":"https:\/\/oskpdul.pl\/","name":"OSKPDUL - okr\u0119gowa stacja pojazd\u00f3w Mielec","description":"Okr\u0119gowa stacja kontroli pojazd\u00f3w","publisher":{"@id":"https:\/\/oskpdul.pl\/#organization"},"potentialAction":[{"@type":"SearchAction","target":{"@type":"EntryPoint","urlTemplate":"https:\/\/oskpdul.pl\/?s={search_term_string}"},"query-input":"required name=search_term_string"}],"inLanguage":"pl-PL"},{"@type":"ImageObject","inLanguage":"pl-PL","@id":"https:\/\/oskpdul.pl\/index.php\/stacja-ladowania-deltra-ultra-fast\/#primaryimage","url":"https:\/\/oskpdul.pl\/wp-content\/uploads\/2022\/06\/IR2A0369-300x300.jpg","contentUrl":"https:\/\/oskpdul.pl\/wp-content\/uploads\/2022\/06\/IR2A0369-300x300.jpg"},{"@type":"WebPage","@id":"https:\/\/oskpdul.pl\/index.php\/stacja-ladowania-deltra-ultra-fast\/#webpage","url":"https:\/\/oskpdul.pl\/index.php\/stacja-ladowania-deltra-ultra-fast\/","name":"Stacja szybkiego \u0142adowania - OSKPDUL - okr\u0119gowa stacja pojazd\u00f3w Mielec","isPartOf":{"@id":"https:\/\/oskpdul.pl\/#website"},"primaryImageOfPage":{"@id":"https:\/\/oskpdul.pl\/index.php\/stacja-ladowania-deltra-ultra-fast\/#primaryimage"},"datePublished":"2022-01-08T08:05:45+00:00","dateModified":"2022-06-30T12:22:53+00:00","breadcrumb":{"@id":"https:\/\/oskpdul.pl\/index.php\/stacja-ladowania-deltra-ultra-fast\/#breadcrumb"},"inLanguage":"pl-PL","potentialAction":[{"@type":"ReadAction","target":["https:\/\/oskpdul.pl\/index.php\/stacja-ladowania-deltra-ultra-fast\/"]}]},{"@type":"BreadcrumbList","@id":"https:\/\/oskpdul.pl\/index.php\/stacja-ladowania-deltra-ultra-fast\/#breadcrumb","itemListElement":[{"@type":"ListItem","position":1,"name":"Strona g\u0142\u00f3wna","item":"https:\/\/oskpdul.pl\/"},{"@type":"ListItem","position":2,"name":"Stacja szybkiego \u0142adowania"}]}]}},"_links":{"self":[{"href":"https:\/\/oskpdul.pl\/index.php\/wp-json\/wp\/v2\/pages\/8177"}],"collection":[{"href":"https:\/\/oskpdul.pl\/index.php\/wp-json\/wp\/v2\/pages"}],"about":[{"href":"https:\/\/oskpdul.pl\/index.php\/wp-json\/wp\/v2\/types\/page"}],"author":[{"embeddable":true,"href":"https:\/\/oskpdul.pl\/index.php\/wp-json\/wp\/v2\/users\/1"}],"replies":[{"embeddable":true,"href":"https:\/\/oskpdul.pl\/index.php\/wp-json\/wp\/v2\/comments?post=8177"}],"version-history":[{"count":13,"href":"https:\/\/oskpdul.pl\/index.php\/wp-json\/wp\/v2\/pages\/8177\/revisions"}],"predecessor-version":[{"id":8340,"href":"https:\/\/oskpdul.pl\/index.php\/wp-json\/wp\/v2\/pages\/8177\/revisions\/8340"}],"wp:attachment":[{"href":"https:\/\/oskpdul.pl\/index.php\/wp-json\/wp\/v2\/media?parent=8177"}],"curies":[{"name":"wp","href":"https:\/\/api.w.org\/{rel}","templated":true}]}}